{"id":8,"date":"2012-12-18T15:19:42","date_gmt":"2012-12-18T15:19:42","guid":{"rendered":"http:\/\/www.islacuicuilodge.cl\/?page_id=8"},"modified":"2024-10-23T18:57:23","modified_gmt":"2024-10-23T21:57:23","slug":"el-lodge","status":"publish","type":"page","link":"https:\/\/www.islacuicuilodge.cl\/?page_id=8","title":{"rendered":"Construcciones"},"content":{"rendered":"<h4>Cuenta con 460m2 construidos y tienen capacidad para 20-24 personas aprox:<\/h4>\n<h4>Caba\u00f1a principal: 132m2 aprox. m\u00e1s 40m2 de terrazas sin techar. Cuenta con 4 dormitorios, 3\u00a0 \u00a0 \u00a0ba\u00f1os.<\/h4>\n<h4>Quincho: 122m2 aprox. m\u00e1s 10m2 de terrazas sin techar. Cuenta con gran estar, cocina, 2 dormitorios, 2,5 ba\u00f1os.<\/h4>\n<h4>Caba\u00f1a : 104m2 aprox. m\u00e1s 84m2 de terrazas sin techar. Cuenta con 2 dormitorios, 2 ba\u00f1os.<\/h4>\n<h4>Caba\u00f1a : 27m2 aprox. m\u00e1s 10m2 de terraza techada. Cuenta con 2 dormitorios, 2 ba\u00f1os.<\/h4>\n<h4>Taller: 20m2.<\/h4>\n<h4>Caba\u00f1a de cuidador: 33,5 m2. m\u00e1s cobertizo de 3,60m2.<\/h4>\n<h4>Bodega: 10m2<\/h4>\n<p style=\"text-align: justify;\"><a style=\"line-height: 1.714285714; font-size: 1rem;\" href=\"https:\/\/www.islacuicuilodge.cl\/wp-content\/uploads\/2012\/12\/Caba\u00f1a-y-Quincho-desde-el-lago2.jpg\"><img loading=\"lazy\" decoding=\"async\" class=\"aligncenter size-full wp-image-135\" src=\"https:\/\/www.islacuicuilodge.cl\/wp-content\/uploads\/2012\/12\/Caba\u00f1a-y-Quincho-desde-el-lago2.jpg\" alt=\"Caba\u00f1a y Quincho desde el lago\" width=\"800\" height=\"600\" srcset=\"https:\/\/www.islacuicuilodge.cl\/wp-content\/uploads\/2012\/12\/Caba\u00f1a-y-Quincho-desde-el-lago2.jpg 800w, https:\/\/www.islacuicuilodge.cl\/wp-content\/uploads\/2012\/12\/Caba\u00f1a-y-Quincho-desde-el-lago2-300x225.jpg 300w, https:\/\/www.islacuicuilodge.cl\/wp-content\/uploads\/2012\/12\/Caba\u00f1a-y-Quincho-desde-el-lago2-624x468.jpg 624w\" sizes=\"(max-width: 800px) 100vw, 800px\" \/><\/a><\/p>\n<p style=\"text-align: justify;\">\u00a0 \u00a0 \u00a0 \u00a0 \u00a0 \u00a0 \u00a0 \u00a0 \u00a0 \u00a0 \u00a0 \u00a0 \u00a0 \u00a0 \u00a0 \u00a0 \u00a0 \u00a0 \u00a0 \u00a0 <span style=\"color: #ff0000;\"><em><strong>\u00a0 \u00a0<\/strong><\/em><\/span><\/p>\n<p style=\"text-align: justify;\"><a style=\"line-height: 1.714285714; font-size: 1rem;\" href=\"https:\/\/www.islacuicuilodge.cl\/wp-content\/uploads\/2012\/12\/N\u00ba21.jpg\"><img loading=\"lazy\" decoding=\"async\" class=\"aligncenter size-full wp-image-203\" src=\"https:\/\/www.islacuicuilodge.cl\/wp-content\/uploads\/2012\/12\/N\u00ba21.jpg\" alt=\"N\u00ba2\" width=\"800\" height=\"600\" srcset=\"https:\/\/www.islacuicuilodge.cl\/wp-content\/uploads\/2012\/12\/N\u00ba21.jpg 800w, https:\/\/www.islacuicuilodge.cl\/wp-content\/uploads\/2012\/12\/N\u00ba21-300x225.jpg 300w, https:\/\/www.islacuicuilodge.cl\/wp-content\/uploads\/2012\/12\/N\u00ba21-624x468.jpg 624w\" sizes=\"(max-width: 800px) 100vw, 800px\" \/><\/a><\/p>\n<p style=\"text-align: justify;\"><a href=\"https:\/\/www.islacuicuilodge.cl\/wp-content\/uploads\/2012\/12\/N\u00ba22.jpg\"><img loading=\"lazy\" decoding=\"async\" class=\"aligncenter size-full wp-image-212\" src=\"https:\/\/www.islacuicuilodge.cl\/wp-content\/uploads\/2012\/12\/N\u00ba22.jpg\" alt=\"N\u00ba2\" width=\"800\" height=\"600\" srcset=\"https:\/\/www.islacuicuilodge.cl\/wp-content\/uploads\/2012\/12\/N\u00ba22.jpg 800w, https:\/\/www.islacuicuilodge.cl\/wp-content\/uploads\/2012\/12\/N\u00ba22-300x225.jpg 300w, https:\/\/www.islacuicuilodge.cl\/wp-content\/uploads\/2012\/12\/N\u00ba22-624x468.jpg 624w\" sizes=\"(max-width: 800px) 100vw, 800px\" \/><\/a><\/p>\n<p><span style=\"color: #ff0000;\"><em><strong>\u00a0 \u00a0 \u00a0 \u00a0 \u00a0 \u00a0 \u00a0 \u00a0 \u00a0 \u00a0 \u00a0 \u00a0 \u00a0 \u00a0 \u00a0 \u00a0 \u00a0 \u00a0 \u00a0 \u00a0 \u00a0 \u00a0 \u00a0 \u00a0 \u00a0 \u00a0 \u00a0 \u00a0\u00a0<\/strong><\/em><\/span><\/p>\n<p><a style=\"line-height: 1.714285714; font-size: 1rem;\" href=\"https:\/\/www.islacuicuilodge.cl\/wp-content\/uploads\/2012\/12\/Dormitorio.jpg\"><img loading=\"lazy\" decoding=\"async\" class=\"aligncenter size-full wp-image-110\" src=\"https:\/\/www.islacuicuilodge.cl\/wp-content\/uploads\/2012\/12\/Dormitorio.jpg\" alt=\"Dormitorio\" width=\"800\" height=\"600\" srcset=\"https:\/\/www.islacuicuilodge.cl\/wp-content\/uploads\/2012\/12\/Dormitorio.jpg 800w, https:\/\/www.islacuicuilodge.cl\/wp-content\/uploads\/2012\/12\/Dormitorio-300x225.jpg 300w, https:\/\/www.islacuicuilodge.cl\/wp-content\/uploads\/2012\/12\/Dormitorio-624x468.jpg 624w\" sizes=\"(max-width: 800px) 100vw, 800px\" \/><\/a><\/p>\n<p><span style=\"color: #ff0000;\"><em><strong>\u00a0 \u00a0 \u00a0 \u00a0 \u00a0 \u00a0 \u00a0 \u00a0 \u00a0 \u00a0 \u00a0 \u00a0 \u00a0 \u00a0 \u00a0 \u00a0 \u00a0 \u00a0 \u00a0 \u00a0 \u00a0 \u00a0 \u00a0 \u00a0 \u00a0 \u00a0\u00a0<\/strong><\/em><\/span><\/p>\n<p><a style=\"line-height: 1.714285714; font-size: 1rem;\" href=\"https:\/\/www.islacuicuilodge.cl\/wp-content\/uploads\/2012\/12\/N\u00ba32.jpg\"><img loading=\"lazy\" decoding=\"async\" class=\"aligncenter\" src=\"https:\/\/www.islacuicuilodge.cl\/wp-content\/uploads\/2012\/12\/N\u00ba32.jpg\" alt=\"N\u00ba3\" width=\"800\" height=\"600\" \/><\/a><\/p>\n<p><a href=\"https:\/\/www.islacuicuilodge.cl\/wp-content\/uploads\/2012\/12\/N\u00ba12.jpg\">\u00a0<\/a>\u00a0 \u00a0 \u00a0 \u00a0 \u00a0 \u00a0 \u00a0 \u00a0 \u00a0 \u00a0 \u00a0 \u00a0 \u00a0 \u00a0 \u00a0 \u00a0 \u00a0 \u00a0 \u00a0 \u00a0 \u00a0 \u00a0 \u00a0 \u00a0<span style=\"color: #ff0000;\"><em><strong>\u00a0 \u00a0 \u00a0 \u00a0 \u00a0 \u00a0 \u00a0 \u00a0 \u00a0 \u00a0 \u00a0 \u00a0 \u00a0 \u00a0 \u00a0 \u00a0 \u00a0 \u00a0 \u00a0 \u00a0 \u00a0 \u00a0 \u00a0 \u00a0<\/strong><\/em><\/span><\/p>\n<p><span style=\"color: #ff0000;\"><em><strong>\u00a0 \u00a0 \u00a0 \u00a0 \u00a0 \u00a0 \u00a0 \u00a0 \u00a0 \u00a0 \u00a0 \u00a0 \u00a0 \u00a0 \u00a0 \u00a0 \u00a0 \u00a0 \u00a0 \u00a0 \u00a0 \u00a0 \u00a0 \u00a0 \u00a0<a href=\"https:\/\/www.islacuicuilodge.cl\/wp-content\/uploads\/2012\/12\/N\u00ba62.jpg\"><img loading=\"lazy\" decoding=\"async\" class=\"aligncenter size-full wp-image-217\" src=\"https:\/\/www.islacuicuilodge.cl\/wp-content\/uploads\/2012\/12\/N\u00ba62.jpg\" alt=\"N\u00ba6\" width=\"800\" height=\"600\" srcset=\"https:\/\/www.islacuicuilodge.cl\/wp-content\/uploads\/2012\/12\/N\u00ba62.jpg 800w, https:\/\/www.islacuicuilodge.cl\/wp-content\/uploads\/2012\/12\/N\u00ba62-300x225.jpg 300w, https:\/\/www.islacuicuilodge.cl\/wp-content\/uploads\/2012\/12\/N\u00ba62-624x468.jpg 624w\" sizes=\"(max-width: 800px) 100vw, 800px\" \/><\/a><\/strong><\/em><\/span><\/p>\n<p><span style=\"color: #ff0000;\"><em><strong>\u00a0 \u00a0 \u00a0 \u00a0 \u00a0 \u00a0 \u00a0 \u00a0 \u00a0 \u00a0 \u00a0 \u00a0 \u00a0 \u00a0 \u00a0 \u00a0 \u00a0 \u00a0 \u00a0 \u00a0 \u00a0 \u00a0 \u00a0 \u00a0 \u00a0 \u00a0 \u00a0 \u00a0 \u00a0 \u00a0 \u00a0 \u00a0 \u00a0 \u00a0 \u00a0 \u00a0 \u00a0 \u00a0 \u00a0 \u00a0 \u00a0\u00a0 \u00a0 \u00a0 \u00a0 \u00a0 \u00a0 \u00a0 \u00a0 \u00a0 \u00a0 \u00a0 \u00a0 \u00a0 \u00a0 \u00a0 \u00a0 \u00a0 \u00a0 \u00a0 \u00a0 \u00a0 \u00a0 \u00a0<\/strong><\/em><\/span><\/p>\n<p><span style=\"color: #ff0000;\"><em><strong><span style=\"line-height: 1.714285714; font-size: 1rem;\">\u00a0 \u00a0 \u00a0 \u00a0 \u00a0 \u00a0 \u00a0 \u00a0 \u00a0 \u00a0 \u00a0 \u00a0 \u00a0 \u00a0 \u00a0 \u00a0 \u00a0 \u00a0 \u00a0 \u00a0 \u00a0 \u00a0 \u00a0<\/span> <\/strong><\/em><\/span><span style=\"line-height: 1.714285714; font-size: 1rem;\">\u00a0 \u00a0 \u00a0 \u00a0 \u00a0 \u00a0 \u00a0 \u00a0 \u00a0 \u00a0 \u00a0 \u00a0 \u00a0 \u00a0 \u00a0\u00a0<\/span><\/p>\n<p><span style=\"line-height: 1.714285714; font-size: 1rem;\"><a href=\"https:\/\/www.islacuicuilodge.cl\/wp-content\/uploads\/2012\/12\/N\u00ba92.jpg\"><img loading=\"lazy\" decoding=\"async\" class=\"aligncenter size-full wp-image-223\" src=\"https:\/\/www.islacuicuilodge.cl\/wp-content\/uploads\/2012\/12\/N\u00ba92.jpg\" alt=\"N\u00ba9\" width=\"800\" height=\"600\" srcset=\"https:\/\/www.islacuicuilodge.cl\/wp-content\/uploads\/2012\/12\/N\u00ba92.jpg 800w, https:\/\/www.islacuicuilodge.cl\/wp-content\/uploads\/2012\/12\/N\u00ba92-300x225.jpg 300w, https:\/\/www.islacuicuilodge.cl\/wp-content\/uploads\/2012\/12\/N\u00ba92-624x468.jpg 624w\" sizes=\"(max-width: 800px) 100vw, 800px\" \/><\/a>\u00a0 \u00a0 \u00a0 \u00a0 \u00a0 \u00a0 \u00a0 \u00a0 \u00a0 \u00a0 \u00a0 \u00a0 \u00a0 \u00a0 \u00a0 \u00a0 \u00a0 \u00a0 \u00a0 \u00a0 \u00a0 \u00a0 \u00a0<strong style=\"color: #ff0000; font-style: italic;\">\u00a0<\/strong><\/span><\/p>\n<p><span style=\"color: #ff0000;\"><strong>\u00a0 \u00a0 \u00a0 \u00a0 \u00a0 \u00a0 \u00a0 \u00a0 \u00a0 \u00a0 \u00a0 \u00a0 \u00a0 \u00a0 \u00a0 \u00a0 \u00a0 \u00a0 \u00a0 \u00a0 \u00a0 \u00a0 \u00a0 \u00a0 \u00a0 \u00a0 \u00a0 \u00a0 \u00a0 \u00a0 \u00a0 \u00a0 \u00a0 \u00a0 \u00a0 \u00a0 \u00a0\u00a0<\/strong><\/span><\/p>\n<p><a href=\"https:\/\/www.islacuicuilodge.cl\/wp-content\/uploads\/2012\/12\/N\u00ba63.jpg\"><img loading=\"lazy\" decoding=\"async\" class=\"aligncenter size-full wp-image-232\" src=\"https:\/\/www.islacuicuilodge.cl\/wp-content\/uploads\/2012\/12\/N\u00ba63.jpg\" alt=\"N\u00ba6\" width=\"800\" height=\"600\" srcset=\"https:\/\/www.islacuicuilodge.cl\/wp-content\/uploads\/2012\/12\/N\u00ba63.jpg 800w, https:\/\/www.islacuicuilodge.cl\/wp-content\/uploads\/2012\/12\/N\u00ba63-300x225.jpg 300w, https:\/\/www.islacuicuilodge.cl\/wp-content\/uploads\/2012\/12\/N\u00ba63-624x468.jpg 624w\" sizes=\"(max-width: 800px) 100vw, 800px\" \/><\/a><\/p>\n<p><strong>\u00a0<\/strong>\u00a0<em><strong><span style=\"color: #ff0000;\">\u00a0 \u00a0 \u00a0 \u00a0 \u00a0 \u00a0 \u00a0 \u00a0 \u00a0 \u00a0 \u00a0 \u00a0 \u00a0 \u00a0 \u00a0 \u00a0 \u00a0 \u00a0 \u00a0 \u00a0 \u00a0 \u00a0 \u00a0 \u00a0 \u00a0 \u00a0 \u00a0 \u00a0 \u00a0 \u00a0 \u00a0 \u00a0 \u00a0\u00a0<\/span><\/strong><\/em><\/p>\n<p><a style=\"line-height: 1.714285714; font-size: 1rem;\" href=\"https:\/\/www.islacuicuilodge.cl\/wp-content\/uploads\/2012\/12\/N\u00ba93.jpg\"><img loading=\"lazy\" decoding=\"async\" class=\"aligncenter size-full wp-image-235\" src=\"https:\/\/www.islacuicuilodge.cl\/wp-content\/uploads\/2012\/12\/N\u00ba93.jpg\" alt=\"N\u00ba9\" width=\"800\" height=\"600\" srcset=\"https:\/\/www.islacuicuilodge.cl\/wp-content\/uploads\/2012\/12\/N\u00ba93.jpg 800w, https:\/\/www.islacuicuilodge.cl\/wp-content\/uploads\/2012\/12\/N\u00ba93-300x225.jpg 300w, https:\/\/www.islacuicuilodge.cl\/wp-content\/uploads\/2012\/12\/N\u00ba93-624x468.jpg 624w\" sizes=\"(max-width: 800px) 100vw, 800px\" \/><\/a><\/p>\n<p><span style=\"line-height: 1.714285714; font-size: 1rem;\">\u00a0 \u00a0 \u00a0 \u00a0 \u00a0 \u00a0 \u00a0 \u00a0 \u00a0 \u00a0 \u00a0 \u00a0 \u00a0 \u00a0 \u00a0 \u00a0 \u00a0 \u00a0 \u00a0 \u00a0 \u00a0 \u00a0 \u00a0 \u00a0 \u00a0 \u00a0 \u00a0\u00a0<\/span><\/p>\n<p><a style=\"line-height: 1.714285714; font-size: 1rem;\" href=\"https:\/\/www.islacuicuilodge.cl\/wp-content\/uploads\/2012\/12\/N\u00ba121.jpg\"><img loading=\"lazy\" decoding=\"async\" class=\"aligncenter size-full wp-image-238\" src=\"https:\/\/www.islacuicuilodge.cl\/wp-content\/uploads\/2012\/12\/N\u00ba121.jpg\" alt=\"N\u00ba12\" width=\"800\" height=\"600\" srcset=\"https:\/\/www.islacuicuilodge.cl\/wp-content\/uploads\/2012\/12\/N\u00ba121.jpg 800w, https:\/\/www.islacuicuilodge.cl\/wp-content\/uploads\/2012\/12\/N\u00ba121-300x225.jpg 300w, https:\/\/www.islacuicuilodge.cl\/wp-content\/uploads\/2012\/12\/N\u00ba121-624x468.jpg 624w\" sizes=\"(max-width: 800px) 100vw, 800px\" \/><\/a><\/p>\n<p><span style=\"line-height: 1.714285714; font-size: 1rem;\">\u00a0 \u00a0 \u00a0 \u00a0 \u00a0 \u00a0 \u00a0 \u00a0 \u00a0 \u00a0 \u00a0 \u00a0 \u00a0 \u00a0 \u00a0 \u00a0 \u00a0 \u00a0 \u00a0 \u00a0 \u00a0 \u00a0 \u00a0 \u00a0 \u00a0 \u00a0 \u00a0 <\/span><span style=\"color: #ff0000; line-height: 1.714285714; font-size: 1rem;\">\u00a0<\/span><span style=\"line-height: 1.714285714; font-size: 1rem;\">\u00a0<\/span><\/p>\n","protected":false},"excerpt":{"rendered":"<p>Cuenta con 460m2 construidos y tienen capacidad para 20-24 personas aprox: Caba\u00f1a principal: 132m2 aprox. m\u00e1s 40m2 de terrazas sin techar. Cuenta con 4 dormitorios, 3\u00a0 \u00a0 \u00a0ba\u00f1os. Quincho: 122m2 aprox. m\u00e1s 10m2 de terrazas sin techar. Cuenta con gran estar, cocina, 2 dormitorios, 2,5 ba\u00f1os. Caba\u00f1a : 104m2 aprox. m\u00e1s 84m2 de terrazas sin [&hellip;]<\/p>\n","protected":false},"author":3,"featured_media":0,"parent":0,"menu_order":0,"comment_status":"closed","ping_status":"closed","template":"","meta":{"ngg_post_thumbnail":0,"footnotes":""},"_links":{"self":[{"href":"https:\/\/www.islacuicuilodge.cl\/index.php?rest_route=\/wp\/v2\/pages\/8"}],"collection":[{"href":"https:\/\/www.islacuicuilodge.cl\/index.php?rest_route=\/wp\/v2\/pages"}],"about":[{"href":"https:\/\/www.islacuicuilodge.cl\/index.php?rest_route=\/wp\/v2\/types\/page"}],"author":[{"embeddable":true,"href":"https:\/\/www.islacuicuilodge.cl\/index.php?rest_route=\/wp\/v2\/users\/3"}],"replies":[{"embeddable":true,"href":"https:\/\/www.islacuicuilodge.cl\/index.php?rest_route=%2Fwp%2Fv2%2Fcomments&post=8"}],"version-history":[{"count":48,"href":"https:\/\/www.islacuicuilodge.cl\/index.php?rest_route=\/wp\/v2\/pages\/8\/revisions"}],"predecessor-version":[{"id":405,"href":"https:\/\/www.islacuicuilodge.cl\/index.php?rest_route=\/wp\/v2\/pages\/8\/revisions\/405"}],"wp:attachment":[{"href":"https:\/\/www.islacuicuilodge.cl\/index.php?rest_route=%2Fwp%2Fv2%2Fmedia&parent=8"}],"curies":[{"name":"wp","href":"https:\/\/api.w.org\/{rel}","templated":true}]}}